{"id":213,"date":"2022-09-03T18:56:54","date_gmt":"2022-09-03T21:56:54","guid":{"rendered":"https:\/\/montepelmo.com.br\/palhoca\/produto\/limo-com-manjerico\/"},"modified":"2026-05-03T16:31:57","modified_gmt":"2026-05-03T19:31:57","slug":"limao-com-manjericao","status":"publish","type":"product","link":"https:\/\/montepelmo.com.br\/palhoca\/produto\/limao-com-manjericao\/","title":{"rendered":"Lim\u00e3o com Manjeric\u00e3o"},"content":{"rendered":"","protected":false},"excerpt":{"rendered":"<p>Sabor de lim\u00e3o com manjeric\u00e3o cultivado em nosso pr\u00f3prio quintal. Refrescante e azedinho na medida certa<\/p>\n","protected":false},"featured_media":0,"template":"","meta":[],"product_cat":[17],"product_tag":[22,21],"class_list":["post-213","product","type-product","status-publish","hentry","product_cat-base-agua","product_tag-sem-gluten","product_tag-vegano"],"_links":{"self":[{"href":"https:\/\/montepelmo.com.br\/palhoca\/wp-json\/wp\/v2\/product\/213","targetHints":{"allow":["GET"]}}],"collection":[{"href":"https:\/\/montepelmo.com.br\/palhoca\/wp-json\/wp\/v2\/product"}],"about":[{"href":"https:\/\/montepelmo.com.br\/palhoca\/wp-json\/wp\/v2\/types\/product"}],"wp:attachment":[{"href":"https:\/\/montepelmo.com.br\/palhoca\/wp-json\/wp\/v2\/media?parent=213"}],"wp:term":[{"taxonomy":"product_cat","embeddable":true,"href":"https:\/\/montepelmo.com.br\/palhoca\/wp-json\/wp\/v2\/product_cat?post=213"},{"taxonomy":"product_tag","embeddable":true,"href":"https:\/\/montepelmo.com.br\/palhoca\/wp-json\/wp\/v2\/product_tag?post=213"}],"curies":[{"name":"wp","href":"https:\/\/api.w.org\/{rel}","templated":true}]}}